{"id":2743,"date":"2018-04-18T07:20:29","date_gmt":"2018-04-18T07:20:29","guid":{"rendered":"https:\/\/strategies.com.ec\/contactos\/"},"modified":"2021-03-31T18:09:57","modified_gmt":"2021-03-31T23:09:57","slug":"contactos","status":"publish","type":"page","link":"https:\/\/strategies.com.ec\/en\/contactos\/","title":{"rendered":"Contact"},"content":{"rendered":"<p>[vc_row full_width=&#8221;stretch_row&#8221; default_id=&#8221;themesflat_1524037221&#8243; el_class=&#8221;contact-form-icon&#8221;][vc_column width=&#8221;7\/12&#8243;]<div class=\"title-section   vc_custom_1617232177965 left \">\r\n\t\t\r\n\t\t<h2 class=\"title\" style=\"\r\n\t\t\tfont-size: 30px;\r\n\t\t\tfont-weight: 500;\r\n\t\t\tline-height: 48px;\r\n\t\t\tcolor: #111111;\r\n\t\t\tmargin-bottom: 2px;\r\n\t\t\tletter-spacing: 0px;\r\n\t\t\">\r\n\t\t\tLET'S TALK ABOUT YOUR BUSINESS!\r\n\t\t<\/h2>\t\r\n\t\t<div class=\"title-line\"><\/div>\t\t\t\r\n\t\t\r\n\r\n\t<\/div>[vc_empty_space height=&#8221;11px&#8221;]\n<div class=\"wpcf7 no-js\" id=\"wpcf7-f492-o1\" lang=\"es-ES\" dir=\"ltr\" data-wpcf7-id=\"492\">\n<div class=\"screen-reader-response\"><p role=\"status\" aria-live=\"polite\" aria-atomic=\"true\"><\/p> <ul><\/ul><\/div>\n<form action=\"\/en\/wp-json\/wp\/v2\/pages\/2743#wpcf7-f492-o1\" method=\"post\" class=\"wpcf7-form init\" aria-label=\"Formulario de contacto\" novalidate=\"novalidate\" data-status=\"init\">\n<fieldset class=\"hidden-fields-container\"><input type=\"hidden\" name=\"_wpcf7\" value=\"492\" \/><input type=\"hidden\" name=\"_wpcf7_version\" value=\"6.1.5\" \/><input type=\"hidden\" name=\"_wpcf7_locale\" value=\"es_ES\" \/><input type=\"hidden\" name=\"_wpcf7_unit_tag\" value=\"wpcf7-f492-o1\" \/><input type=\"hidden\" name=\"_wpcf7_container_post\" value=\"0\" \/><input type=\"hidden\" name=\"_wpcf7_posted_data_hash\" value=\"\" \/><input type=\"hidden\" name=\"_wpcf7_recaptcha_response\" value=\"\" \/>\n<\/fieldset>\n<div class=\"contact-form-box\">\n\t<div class=\"one-half\">\n\t\t<p><span class=\"wpcf7-form-control-wrap\" data-name=\"your-subject\"><input size=\"40\" maxlength=\"400\" class=\"wpcf7-form-control wpcf7-text\" aria-invalid=\"false\" placeholder=\"Asunto\" value=\"\" type=\"text\" name=\"your-subject\" \/><\/span>\n\t\t<\/p>\n\t<\/div>\n\t<div class=\"one-half\">\n\t\t<p><span class=\"wpcf7-form-control-wrap\" data-name=\"your-name\"><input size=\"40\" maxlength=\"400\" class=\"wpcf7-form-control wpcf7-text wpcf7-validates-as-required\" aria-required=\"true\" aria-invalid=\"false\" placeholder=\"Nombre Completo\" value=\"\" type=\"text\" name=\"your-name\" \/><\/span>\n\t\t<\/p>\n\t<\/div>\n\t<div class=\"one-half\">\n\t\t<p><span class=\"wpcf7-form-control-wrap\" data-name=\"your-email\"><input size=\"40\" maxlength=\"400\" class=\"wpcf7-form-control wpcf7-email wpcf7-validates-as-required wpcf7-text wpcf7-validates-as-email\" aria-required=\"true\" aria-invalid=\"false\" placeholder=\"Correo Electr\u00f3nico\" value=\"\" type=\"email\" name=\"your-email\" \/><\/span>\n\t\t<\/p>\n\t<\/div>\n\t<div class=\"one-half\">\n\t\t<p><span class=\"wpcf7-form-control-wrap\" data-name=\"tcelular\"><input size=\"40\" maxlength=\"400\" class=\"wpcf7-form-control wpcf7-text wpcf7-validates-as-required\" aria-required=\"true\" aria-invalid=\"false\" placeholder=\"Tel\u00e9fono Celular\" value=\"\" type=\"text\" name=\"tcelular\" \/><\/span>\n\t\t<\/p>\n\t<\/div>\n\t<div class=\"one-column\">\n\t\t<p><span class=\"wpcf7-form-control-wrap\" data-name=\"your-message\"><textarea cols=\"40\" rows=\"10\" maxlength=\"2000\" class=\"wpcf7-form-control wpcf7-textarea\" aria-invalid=\"false\" placeholder=\"Mensaje\" name=\"your-message\"><\/textarea><\/span>\n\t\t<\/p>\n\t<\/div>\n\t<div class=\"one-column\">\n\t\t<p><input class=\"wpcf7-form-control wpcf7-submit has-spinner\" type=\"submit\" value=\"Enviar Mensaje\" \/>\n\t\t<\/p>\n\t<\/div>\n<\/div><p style=\"display: none !important;\" class=\"akismet-fields-container\" data-prefix=\"_wpcf7_ak_\"><label>&#916;<textarea name=\"_wpcf7_ak_hp_textarea\" cols=\"45\" rows=\"8\" maxlength=\"100\"><\/textarea><\/label><input type=\"hidden\" id=\"ak_js_1\" name=\"_wpcf7_ak_js\" value=\"141\"\/><script>document.getElementById( \"ak_js_1\" ).setAttribute( \"value\", ( new Date() ).getTime() );<\/script><\/p><div class=\"wpcf7-response-output\" aria-hidden=\"true\"><\/div>\n<\/form>\n<\/div>\n[\/vc_column][vc_column width=&#8221;5\/12&#8243; el_class=&#8221;contact-form-icon&#8221;]<div class=\"themesflat_iconbox themesflat_hover  inline-left style1 circle themesflat_1524036050\" >\r\n\t\t\r\n\t\t<div class=\"iconbox-icon\" style=\"width: 60px;height: 60px;background-color: #0982bb\"><div class=\"icon\" style=\"width: 60px;height: 60px;background-color: #0982bb\"><span class=\"icon_phone\" style=\"line-height: 60px;color: #ffffff;font-size: 25px\"><\/span><\/div><\/div>\r\n\t\t\r\n\t\t<div class=\"iconbox-content\" style=\"\r\n\t\t\ttext-align: unset;\r\n\t\t\">\r\n\t\t\t<h4 class=\"title\" style=\"font-size: 18px;font-weight: 500;color: #111111\">Contact Us<\/h4>\r\n\t\t\t\r\n\t\t\t<ul>\n<li>Quito: (593-2) 290-1532 <strong>\u00b7<\/strong> (593-2)252-2556<\/li>\n<li>Guayaquil: (593-4) 253-2992 <strong>\u00b7<\/strong> (593-4) 253-2995<\/li>\n<\/ul>\n\r\n\t\t\t\r\n\t\t<\/div>\r\n\t<\/div><div class=\"themesflat_iconbox themesflat_hover  inline-left style1 circle themesflat_1524036050\" >\r\n\t\t\r\n\t\t<div class=\"iconbox-icon\" style=\"width: 60px;height: 60px;background-color: #0982bb\"><div class=\"icon\" style=\"width: 60px;height: 60px;background-color: #0982bb\"><span class=\"icon_mobile\" style=\"line-height: 60px;color: #ffffff;font-size: 25px\"><\/span><\/div><\/div>\r\n\t\t\r\n\t\t<div class=\"iconbox-content\" style=\"\r\n\t\t\ttext-align: unset;\r\n\t\t\">\r\n\t\t\t<h4 class=\"title\" style=\"font-size: 18px;font-weight: 500;color: #111111\">Celular<\/h4>\r\n\t\t\t\r\n\t\t\t<ul>\n<li>(593-9) 84069 997<\/li>\n<li>(593-9) 99242 263<\/li>\n<\/ul>\n\r\n\t\t\t\r\n\t\t<\/div>\r\n\t<\/div><div class=\"themesflat_iconbox themesflat_hover  inline-left style1 circle themesflat_1524036050\" >\r\n\t\t\r\n\t\t<div class=\"iconbox-icon\" style=\"width: 60px;height: 60px;background-color: #0982bb\"><div class=\"icon\" style=\"width: 60px;height: 60px;background-color: #0982bb\"><span class=\"icon_mail\" style=\"line-height: 60px;color: #ffffff;font-size: 25px\"><\/span><\/div><\/div>\r\n\t\t\r\n\t\t<div class=\"iconbox-content\" style=\"\r\n\t\t\ttext-align: unset;\r\n\t\t\">\r\n\t\t\t<h4 class=\"title\" style=\"font-size: 18px;font-weight: 500;color: #111111\">Correo Electr\u00f3nico<\/h4>\r\n\t\t\t\r\n\t\t\t<ul>\n<li>daniel.ceron@strategies.com.ec<\/li>\n<\/ul>\n\r\n\t\t\t\r\n\t\t<\/div>\r\n\t<\/div><div class=\"themesflat_iconbox themesflat_hover  inline-left style1 circle themesflat_1524036050\" >\r\n\t\t\r\n\t\t<div class=\"iconbox-icon\" style=\"width: 60px;height: 60px;background-color: #0982bb\"><div class=\"icon\" style=\"width: 60px;height: 60px;background-color: #0982bb\"><span class=\"icon_building_alt\" style=\"line-height: 60px;color: #ffffff;font-size: 25px\"><\/span><\/div><\/div>\r\n\t\t\r\n\t\t<div class=\"iconbox-content\" style=\"\r\n\t\t\ttext-align: unset;\r\n\t\t\">\r\n\t\t\t<h4 class=\"title\" style=\"font-size: 18px;font-weight: 500;color: #111111\">Direcci\u00f3n<\/h4>\r\n\t\t\t\r\n\t\t\t<ul>\n<li>Quito: Francisco Salazar E10-58 y Jos\u00e9 Luis Tamayo Edif. Atlantic Business Center &#8211; Of. 304<\/li>\n<li>Guayaquil: Aguirre 116 y Pichincha Edif. La Castilla Piso1, Of. 31B<\/li>\n<\/ul>\n\r\n\t\t\t\r\n\t\t<\/div>\r\n\t<\/div>[\/vc_column][\/vc_row][vc_row][vc_column]\r\n\t\t<div class=\"themesflat-spacer \" data-desktop=\"106\" data-mobile=\"40\" data-smobile=\"30\">\t\t\t\r\n\t\t<\/div>[\/vc_column][\/vc_row][vc_row full_width=&#8221;stretch_row_content_no_spaces&#8221; disable_element=&#8221;yes&#8221; default_id=&#8221;themesflat_1524036819&#8243;][vc_column]<div class=\"themesflat-maps\" data-address=\"Lu\u00e2n \u0110\u00f4n, V\u01b0\u01a1ng Qu\u1ed1c Anh\" data-height=\"400\" data-images=\"\" data-name=\"Redbiz Business Map\" data-images_layout_address=\"\" data-address_x=\"34\" data-address_y=\"-186\">\r\n        <div id=\"map\"><\/div>\r\n    \t<\/div><!-- \/.themesflat-maps -->[\/vc_column][\/vc_row]<\/p>\n","protected":false},"excerpt":{"rendered":"<p>[vc_row full_width=&#8221;stretch_row&#8221; default_id=&#8221;themesflat_1524037221&#8243; el_class=&#8221;contact-form-icon&#8221;][vc_column width=&#8221;7\/12&#8243;][vc_empty_space height=&#8221;11px&#8221;][\/vc_column][vc_column width=&#8221;5\/12&#8243; el_class=&#8221;contact-form-icon&#8221;][\/vc_column][\/vc_row][vc_row][vc_column][\/vc_column][\/vc_row][vc_row full_width=&#8221;stretch_row_content_no_spaces&#8221; disable_element=&#8221;yes&#8221; default_id=&#8221;themesflat_1524036819&#8243;][vc_column][\/vc_column][\/vc_row]<\/p>\n","protected":false},"author":1,"featured_media":0,"parent":0,"menu_order":0,"comment_status":"closed","ping_status":"closed","template":"tpl\/page_fullwidth.php","meta":{"nf_dc_page":"","footnotes":""},"class_list":["post-2743","page","type-page","status-publish","hentry"],"_links":{"self":[{"href":"https:\/\/strategies.com.ec\/en\/wp-json\/wp\/v2\/pages\/2743","targetHints":{"allow":["GET"]}}],"collection":[{"href":"https:\/\/strategies.com.ec\/en\/wp-json\/wp\/v2\/pages"}],"about":[{"href":"https:\/\/strategies.com.ec\/en\/wp-json\/wp\/v2\/types\/page"}],"author":[{"embeddable":true,"href":"https:\/\/strategies.com.ec\/en\/wp-json\/wp\/v2\/users\/1"}],"replies":[{"embeddable":true,"href":"https:\/\/strategies.com.ec\/en\/wp-json\/wp\/v2\/comments?post=2743"}],"version-history":[{"count":5,"href":"https:\/\/strategies.com.ec\/en\/wp-json\/wp\/v2\/pages\/2743\/revisions"}],"predecessor-version":[{"id":2846,"href":"https:\/\/strategies.com.ec\/en\/wp-json\/wp\/v2\/pages\/2743\/revisions\/2846"}],"wp:attachment":[{"href":"https:\/\/strategies.com.ec\/en\/wp-json\/wp\/v2\/media?parent=2743"}],"curies":[{"name":"wp","href":"https:\/\/api.w.org\/{rel}","templated":true}]}}